{"id":127,"date":"2019-11-22T20:43:24","date_gmt":"2019-11-22T19:43:24","guid":{"rendered":"http:\/\/rdcars.fr\/?page_id=127"},"modified":"2022-09-06T19:04:15","modified_gmt":"2022-09-06T17:04:15","slug":"contact","status":"publish","type":"page","link":"http:\/\/www.rdcars.fr\/index.php\/contact\/","title":{"rendered":"Contact"},"content":{"rendered":"\n<div class=\"wp-block-cover has-background-dim\" style=\"background-image:url(http:\/\/rdcars.fr\/wp-content\/uploads\/2019\/11\/car-4073514_1280.jpg)\"><div class=\"wp-block-cover__inner-container is-layout-flow wp-block-cover-is-layout-flow\">\n<p class=\"has-text-align-center has-large-font-size\">RD&rsquo;CARS<\/p>\n\n\n\n<p class=\"has-text-align-center\">527 Avenue du G\u00e9n\u00e9ral de Gaulle, 92140 &nbsp;\u2013 Clamart<br>T\u00e9l. : 01 46 30 50 09 &#8211; <a href=\"mailto:rdcars@hotmail.fr\" target=\"_blank\" rel=\"noreferrer noopener\" aria-label=\"rdcars@hotmail.fr (s\u2019ouvre dans un nouvel onglet)\">rdcars@hotmail.fr<\/a><\/p>\n<\/div><\/div>\n\n\n\n<p>Nous sommes disponibles pour nos clients du lundi au samedi. Vous pouvez nous joindre par t\u00e9l\u00e9phone, par e-mail ou venir directement au garage afin d\u2019obtenir une r\u00e9ponse \u00e0 vos questions. Enti\u00e8rement \u00e0 l\u2019\u00e9coute de tous nos clients, nous effectuons les entretiens, les r\u00e9parations m\u00e9caniques et les travaux de&nbsp;carrosserie sur rendez-vous uniquement.<\/p>\n\n\n\n\n<div class=\"wpcf7 no-js\" id=\"wpcf7-f335-o1\" lang=\"fr-FR\" dir=\"ltr\">\n<div class=\"screen-reader-response\"><p role=\"status\" aria-live=\"polite\" aria-atomic=\"true\"><\/p> <ul><\/ul><\/div>\n<form action=\"\/index.php\/wp-json\/wp\/v2\/pages\/127#wpcf7-f335-o1\" method=\"post\" class=\"wpcf7-form init\" aria-label=\"Formulaire de contact\" novalidate=\"novalidate\" data-status=\"init\">\n<div style=\"display: none;\">\n<input type=\"hidden\" name=\"_wpcf7\" value=\"335\" \/>\n<input type=\"hidden\" name=\"_wpcf7_version\" value=\"5.7.7\" \/>\n<input type=\"hidden\" name=\"_wpcf7_locale\" value=\"fr_FR\" \/>\n<input type=\"hidden\" name=\"_wpcf7_unit_tag\" value=\"wpcf7-f335-o1\" \/>\n<input type=\"hidden\" name=\"_wpcf7_container_post\" value=\"0\" \/>\n<input type=\"hidden\" name=\"_wpcf7_posted_data_hash\" value=\"\" \/>\n<\/div>\n<p><span style=\"color: #FFA500;\">Votre nom *<br \/>\n<span class=\"wpcf7-form-control-wrap\" data-name=\"your-nom\"><input size=\"40\" class=\"wpcf7-form-control wpcf7-text wpcf7-validates-as-required\" aria-required=\"true\" aria-invalid=\"false\" value=\"\" type=\"text\" name=\"your-nom\" \/><\/span> <\/span>\n<\/p>\n<p><span style=\"color: #FFA500;\">Votre pr\u00e9nom *<br \/>\n<span class=\"wpcf7-form-control-wrap\" data-name=\"your-prenom\"><input size=\"40\" class=\"wpcf7-form-control wpcf7-text\" aria-invalid=\"false\" value=\"\" type=\"text\" name=\"your-prenom\" \/><\/span> <\/span>\n<\/p>\n<p><span style=\"color: #FFA500;\">Votre email *<br \/>\n<span class=\"wpcf7-form-control-wrap\" data-name=\"your-email\"><input size=\"40\" class=\"wpcf7-form-control wpcf7-text wpcf7-email wpcf7-validates-as-required wpcf7-validates-as-email\" aria-required=\"true\" aria-invalid=\"false\" value=\"\" type=\"email\" name=\"your-email\" \/><\/span> <\/span>\n<\/p>\n<p><span style=\"color: #FFA500;\">Votre t\u00e9l\u00e9phone *<br \/>\n<span class=\"wpcf7-form-control-wrap\" data-name=\"your-tel\"><input size=\"40\" class=\"wpcf7-form-control wpcf7-text wpcf7-tel wpcf7-validates-as-required wpcf7-validates-as-tel\" aria-required=\"true\" aria-invalid=\"false\" value=\"\" type=\"tel\" name=\"your-tel\" \/><\/span> <\/span>\n<\/p>\n<p><span style=\"color: #ffffff;\">Votre message<br \/>\n<span class=\"wpcf7-form-control-wrap\" data-name=\"your-message\"><textarea cols=\"40\" rows=\"10\" class=\"wpcf7-form-control wpcf7-textarea\" aria-invalid=\"false\" name=\"your-message\">...<\/textarea><\/span><br \/>\n<\/span>\n<\/p>\n<div align=\"left\">\n\t<p><i><span style=\"color: #FFA500;\">* champs obligatoires<\/span><\/i>\n\t<\/p>\n<\/div>\n<p><i\/><br \/>\n<\/i>\n<\/p>\n<p><input class=\"wpcf7-form-control has-spinner wpcf7-submit\" type=\"submit\" value=\"Envoyer\" \/>\n<\/p>\n\n\n<div class=\"wpcf7-response-output\" aria-hidden=\"true\"><\/div>\n<\/form>\n<\/div>\n\n\n\n\n<p><em>Conform\u00e9ment au R\u00e8glement G\u00e9n\u00e9ral sur la Protection des Donn\u00e9es (<a rel=\"noreferrer noopener\" href=\"https:\/\/www.cnil.fr\/fr\/comprendre-le-reglement-europeen\" target=\"_blank\">RGPD<\/a>) \u2013 relatif \u00e0 la protection des personnes physiques \u00e0 l\u2019\u00e9gard du traitement des donn\u00e9es \u00e0 caract\u00e8re personnel et \u00e0 la libre circulation de ces donn\u00e9es \u2013 vous pouvez, gr\u00e2ce \u00e0 ce m\u00eame formulaire, faire valoir votre droit d\u2019acc\u00e8s, de rectification, d\u2019effacement de vos donn\u00e9es personnelles de notre syst\u00e8me d\u2019information ou en nous contactant par e-mail : <\/em><a rel=\"noreferrer noopener\" href=\"mailto:rdcars@hotmail.fr\" target=\"_blank\">rdcars@hotmail.fr<\/a><\/p>\n","protected":false},"excerpt":{"rendered":"<p>Nous sommes disponibles pour nos clients du lundi au samedi. Vous pouvez nous joindre par t\u00e9l\u00e9phone, par e-mail ou venir directement au garage afin d\u2019obtenir une r\u00e9ponse \u00e0 vos questions. Enti\u00e8rement \u00e0 l\u2019\u00e9coute de tous nos clients, nous effectuons les entretiens, les r\u00e9parations m\u00e9caniques et les travaux de&nbsp;carrosserie sur rendez-vous uniquement. Conform\u00e9ment au R\u00e8glement G\u00e9n\u00e9ral&hellip; <br \/> <a class=\"read-more\" href=\"http:\/\/www.rdcars.fr\/index.php\/contact\/\">Lire la suite<\/a><\/p>\n","protected":false},"author":1,"featured_media":0,"parent":0,"menu_order":0,"comment_status":"closed","ping_status":"closed","template":"","meta":{"footnotes":""},"class_list":["post-127","page","type-page","status-publish","hentry"],"_links":{"self":[{"href":"http:\/\/www.rdcars.fr\/index.php\/wp-json\/wp\/v2\/pages\/127","targetHints":{"allow":["GET"]}}],"collection":[{"href":"http:\/\/www.rdcars.fr\/index.php\/wp-json\/wp\/v2\/pages"}],"about":[{"href":"http:\/\/www.rdcars.fr\/index.php\/wp-json\/wp\/v2\/types\/page"}],"author":[{"embeddable":true,"href":"http:\/\/www.rdcars.fr\/index.php\/wp-json\/wp\/v2\/users\/1"}],"replies":[{"embeddable":true,"href":"http:\/\/www.rdcars.fr\/index.php\/wp-json\/wp\/v2\/comments?post=127"}],"version-history":[{"count":7,"href":"http:\/\/www.rdcars.fr\/index.php\/wp-json\/wp\/v2\/pages\/127\/revisions"}],"predecessor-version":[{"id":607,"href":"http:\/\/www.rdcars.fr\/index.php\/wp-json\/wp\/v2\/pages\/127\/revisions\/607"}],"wp:attachment":[{"href":"http:\/\/www.rdcars.fr\/index.php\/wp-json\/wp\/v2\/media?parent=127"}],"curies":[{"name":"wp","href":"https:\/\/api.w.org\/{rel}","templated":true}]}}