{"id":146,"date":"2019-11-22T21:13:40","date_gmt":"2019-11-22T20:13:40","guid":{"rendered":"http:\/\/rdcars.fr\/?page_id=146"},"modified":"2020-08-06T21:03:01","modified_gmt":"2020-08-06T19:03:01","slug":"garage","status":"publish","type":"page","link":"http:\/\/www.rdcars.fr\/index.php\/garage\/","title":{"rendered":"Entretien &#8211; R\u00e9paration"},"content":{"rendered":"<div id=\"initial-content-section\" class=\"content-section content-section-spacing\" data-id=\"initial-content-section\" data-export-id=\"initial-content-section\" data-label=\"Initial Content\">\n<div class=\"gridContainer\">\n<div class=\"row\">\n<div class=\"col-xs-12 col-sm-12\">\n<p><span style=\"color: #ff0000;\"><strong>Avec pour objectif d\u2019\u00eatre le plus transparent possible, nous r\u00e9alisons un devis avant toute intervention et vous demandons votre accord avant de commencer les travaux.<\/strong><\/span><\/p>\n<p><strong><span style=\"color: #ffffff;\">Prestations propos\u00e9es :<\/span><\/strong><\/p>\n<ul>\n<li><span style=\"color: #ffffff;\">R\u00e9vision compl\u00e8te<\/span><\/li>\n<li><span style=\"color: #ffffff;\">Bilan technique<\/span><\/li>\n<li><span style=\"color: #ffffff;\">Vidange<\/span><\/li>\n<li><span style=\"color: #ffffff;\">Entretien du syst\u00e8me de climatisation<\/span><\/li>\n<li><span style=\"color: #ffffff;\">Remplacement batterie<\/span><\/li>\n<li><span style=\"color: #ffffff;\">Remplacement filtres, plaquettes et disques de freins, amortisseurs, embrayage, pneumatiques, courroie de distribution et accessoires<\/span><\/li>\n<\/ul>\n<\/div>\n<\/div>\n<\/div>\n<\/div>\n\n\n<figure class=\"wp-block-embed-youtube wp-block-embed is-type-video is-provider-youtube wp-embed-aspect-16-9 wp-has-aspect-ratio\"><div class=\"wp-block-embed__wrapper\">\n<div class='embed-container'><iframe loading=\"lazy\" title=\"RD&#039;Cars \u00e0 Clamart, vente de voitures et d&#039;utilitaires d&#039;occasion.\" width=\"1920\" height=\"1080\" src=\"https:\/\/www.youtube.com\/embed\/e7_aIjNR72g?feature=oembed\" frameborder=\"0\" allow=\"accelerometer; autoplay; encrypted-media; gyroscope; picture-in-picture\" allowfullscreen><\/iframe><\/div>\n<\/div><\/figure>\n","protected":false},"excerpt":{"rendered":"<p>Avec pour objectif d\u2019\u00eatre le plus transparent possible, nous r\u00e9alisons un devis avant toute intervention et vous demandons votre accord avant de commencer les travaux. Prestations propos\u00e9es : R\u00e9vision compl\u00e8te Bilan technique Vidange Entretien du syst\u00e8me de climatisation Remplacement batterie Remplacement filtres, plaquettes et disques de freins, amortisseurs, embrayage, pneumatiques, courroie de distribution et accessoires<\/p>\n","protected":false},"author":1,"featured_media":0,"parent":0,"menu_order":0,"comment_status":"closed","ping_status":"closed","template":"pro\/page-templates\/full-width-page.php","meta":{"footnotes":""},"class_list":["post-146","page","type-page","status-publish","hentry"],"_links":{"self":[{"href":"http:\/\/www.rdcars.fr\/index.php\/wp-json\/wp\/v2\/pages\/146","targetHints":{"allow":["GET"]}}],"collection":[{"href":"http:\/\/www.rdcars.fr\/index.php\/wp-json\/wp\/v2\/pages"}],"about":[{"href":"http:\/\/www.rdcars.fr\/index.php\/wp-json\/wp\/v2\/types\/page"}],"author":[{"embeddable":true,"href":"http:\/\/www.rdcars.fr\/index.php\/wp-json\/wp\/v2\/users\/1"}],"replies":[{"embeddable":true,"href":"http:\/\/www.rdcars.fr\/index.php\/wp-json\/wp\/v2\/comments?post=146"}],"version-history":[{"count":10,"href":"http:\/\/www.rdcars.fr\/index.php\/wp-json\/wp\/v2\/pages\/146\/revisions"}],"predecessor-version":[{"id":553,"href":"http:\/\/www.rdcars.fr\/index.php\/wp-json\/wp\/v2\/pages\/146\/revisions\/553"}],"wp:attachment":[{"href":"http:\/\/www.rdcars.fr\/index.php\/wp-json\/wp\/v2\/media?parent=146"}],"curies":[{"name":"wp","href":"https:\/\/api.w.org\/{rel}","templated":true}]}}