{"id":151,"date":"2019-11-22T21:21:38","date_gmt":"2019-11-22T20:21:38","guid":{"rendered":"http:\/\/rdcars.fr\/?page_id=151"},"modified":"2020-08-06T21:05:51","modified_gmt":"2020-08-06T19:05:51","slug":"carrosserie","status":"publish","type":"page","link":"http:\/\/www.rdcars.fr\/index.php\/carrosserie\/","title":{"rendered":"Carrosserie &#8211; Peinture"},"content":{"rendered":"<div id=\"initial-content-section\" class=\"content-section content-section-spacing white-text\" data-id=\"initial-content-section\" data-export-id=\"initial-content-section\" data-label=\"Initial Content\">\n<div class=\"gridContainer\">\n<div class=\"row\">\n<div class=\"col-xs-12 col-sm-12\">\n\n<strong>Nous \u00e9tablissons une estimation tarifaire d\u00e9taill\u00e9e et travaillons avec toutes les compagnies d\u2019assurance.<\/strong>\n<ul>\n \t<li>Nous r\u00e9alisons les travaux de carrosserie, peinture et disposons d\u2019un grand nombre de pi\u00e8ces d\u00e9tach\u00e9es.<\/li>\n<\/ul>\n<figure class=\"wp-block-gallery columns-3 is-cropped\">\n<ul class=\"blocks-gallery-grid\">\n \t<li class=\"blocks-gallery-item\">\n<figure><img loading=\"lazy\" decoding=\"async\" class=\"alignnone wp-image-385 size-full\" src=\"http:\/\/rdcars.fr\/wp-content\/uploads\/2019\/11\/photo-1-scaled.jpg\" alt=\"\" width=\"1707\" height=\"2560\" data-id=\"131\" data-full-url=\"http:\/\/rdcars.fr\/wp-content\/uploads\/2019\/11\/mechanic-659872_1280.jpg\" data-link=\"http:\/\/rdcars.fr\/index.php\/contact\/mechanic-659872_1280\/\" srcset=\"http:\/\/www.rdcars.fr\/wp-content\/uploads\/2019\/11\/photo-1-scaled.jpg 1707w, http:\/\/www.rdcars.fr\/wp-content\/uploads\/2019\/11\/photo-1-200x300.jpg 200w, http:\/\/www.rdcars.fr\/wp-content\/uploads\/2019\/11\/photo-1-683x1024.jpg 683w, http:\/\/www.rdcars.fr\/wp-content\/uploads\/2019\/11\/photo-1-768x1152.jpg 768w, http:\/\/www.rdcars.fr\/wp-content\/uploads\/2019\/11\/photo-1-1024x1536.jpg 1024w, http:\/\/www.rdcars.fr\/wp-content\/uploads\/2019\/11\/photo-1-1365x2048.jpg 1365w, http:\/\/www.rdcars.fr\/wp-content\/uploads\/2019\/11\/photo-1-720x1080.jpg 720w\" sizes=\"auto, (max-width: 1707px) 100vw, 1707px\" \/><\/figure>\n<\/li>\n \t<li class=\"blocks-gallery-item\">\n<figure><img loading=\"lazy\" decoding=\"async\" class=\"alignnone wp-image-387 size-full\" src=\"http:\/\/rdcars.fr\/wp-content\/uploads\/2019\/11\/photo-2-scaled.jpg\" alt=\"\" width=\"2560\" height=\"1707\" data-id=\"132\" data-full-url=\"http:\/\/rdcars.fr\/wp-content\/uploads\/2019\/11\/workshop-3758513_1280.jpg\" data-link=\"http:\/\/rdcars.fr\/index.php\/contact\/workshop-3758513_1280\/\" srcset=\"http:\/\/www.rdcars.fr\/wp-content\/uploads\/2019\/11\/photo-2-scaled.jpg 2560w, http:\/\/www.rdcars.fr\/wp-content\/uploads\/2019\/11\/photo-2-300x200.jpg 300w, http:\/\/www.rdcars.fr\/wp-content\/uploads\/2019\/11\/photo-2-1024x683.jpg 1024w, http:\/\/www.rdcars.fr\/wp-content\/uploads\/2019\/11\/photo-2-768x512.jpg 768w, http:\/\/www.rdcars.fr\/wp-content\/uploads\/2019\/11\/photo-2-1536x1024.jpg 1536w, http:\/\/www.rdcars.fr\/wp-content\/uploads\/2019\/11\/photo-2-2048x1365.jpg 2048w, http:\/\/www.rdcars.fr\/wp-content\/uploads\/2019\/11\/photo-2-1620x1080.jpg 1620w\" sizes=\"auto, (max-width: 2560px) 100vw, 2560px\" \/><\/figure>\n<\/li>\n \t<li class=\"blocks-gallery-item\">\n<figure><img loading=\"lazy\" decoding=\"async\" width=\"1024\" height=\"683\" class=\"wp-image-130\" src=\"http:\/\/rdcars.fr\/wp-content\/uploads\/2019\/11\/cleaning-1837331_1280-1024x683.jpg\" sizes=\"auto, (max-width: 1024px) 100vw, 1024px\" srcset=\"http:\/\/rdcars.fr\/wp-content\/uploads\/2019\/11\/cleaning-1837331_1280-1024x683.jpg 1024w, http:\/\/rdcars.fr\/wp-content\/uploads\/2019\/11\/cleaning-1837331_1280-300x200.jpg 300w, http:\/\/rdcars.fr\/wp-content\/uploads\/2019\/11\/cleaning-1837331_1280-768x512.jpg 768w, http:\/\/rdcars.fr\/wp-content\/uploads\/2019\/11\/cleaning-1837331_1280.jpg 1280w\" alt=\"\" data-id=\"130\" data-full-url=\"http:\/\/rdcars.fr\/wp-content\/uploads\/2019\/11\/cleaning-1837331_1280.jpg\" data-link=\"http:\/\/rdcars.fr\/index.php\/contact\/cleaning-1837331_1280\/\" \/><\/figure>\n<\/li>\n \t<li class=\"blocks-gallery-item\">\n<figure><img loading=\"lazy\" decoding=\"async\" width=\"1024\" height=\"648\" class=\"wp-image-128\" src=\"http:\/\/rdcars.fr\/wp-content\/uploads\/2019\/11\/auto-1822415_1280-1024x648.jpg\" sizes=\"auto, (max-width: 1024px) 100vw, 1024px\" srcset=\"http:\/\/rdcars.fr\/wp-content\/uploads\/2019\/11\/auto-1822415_1280-1024x648.jpg 1024w, http:\/\/rdcars.fr\/wp-content\/uploads\/2019\/11\/auto-1822415_1280-300x190.jpg 300w, http:\/\/rdcars.fr\/wp-content\/uploads\/2019\/11\/auto-1822415_1280-768x486.jpg 768w, http:\/\/rdcars.fr\/wp-content\/uploads\/2019\/11\/auto-1822415_1280.jpg 1280w\" alt=\"\" data-id=\"128\" data-full-url=\"http:\/\/rdcars.fr\/wp-content\/uploads\/2019\/11\/auto-1822415_1280.jpg\" data-link=\"http:\/\/rdcars.fr\/index.php\/contact\/auto-1822415_1280\/\" \/><\/figure>\n<\/li>\n \t<li class=\"blocks-gallery-item\">\n<figure><img loading=\"lazy\" decoding=\"async\" width=\"1024\" height=\"596\" class=\"wp-image-41\" src=\"http:\/\/rdcars.fr\/wp-content\/uploads\/2019\/10\/logan-meis-7qLT-Msda1k-unsplash-1024x596.jpg\" sizes=\"auto, (max-width: 1024px) 100vw, 1024px\" srcset=\"http:\/\/rdcars.fr\/wp-content\/uploads\/2019\/10\/logan-meis-7qLT-Msda1k-unsplash-1024x596.jpg 1024w, http:\/\/rdcars.fr\/wp-content\/uploads\/2019\/10\/logan-meis-7qLT-Msda1k-unsplash-300x175.jpg 300w, http:\/\/rdcars.fr\/wp-content\/uploads\/2019\/10\/logan-meis-7qLT-Msda1k-unsplash-768x447.jpg 768w, http:\/\/rdcars.fr\/wp-content\/uploads\/2019\/10\/logan-meis-7qLT-Msda1k-unsplash-1854x1080.jpg 1854w\" alt=\"\" data-id=\"41\" data-full-url=\"http:\/\/rdcars.fr\/wp-content\/uploads\/2019\/10\/logan-meis-7qLT-Msda1k-unsplash.jpg\" data-link=\"http:\/\/rdcars.fr\/logan-meis-7qlt-msda1k-unsplash\/\" \/><\/figure>\n<\/li>\n<\/ul>\n<\/figure>\n<\/div>\n<\/div>\n<\/div>\n<\/div>","protected":false},"excerpt":{"rendered":"<p>Nous \u00e9tablissons une estimation tarifaire d\u00e9taill\u00e9e et travaillons avec toutes les compagnies d\u2019assurance. Nous r\u00e9alisons les travaux de carrosserie, peinture et disposons d\u2019un grand nombre de pi\u00e8ces d\u00e9tach\u00e9es.<\/p>\n","protected":false},"author":1,"featured_media":0,"parent":0,"menu_order":0,"comment_status":"closed","ping_status":"closed","template":"pro\/page-templates\/full-width-page.php","meta":{"footnotes":""},"class_list":["post-151","page","type-page","status-publish","hentry"],"_links":{"self":[{"href":"http:\/\/www.rdcars.fr\/index.php\/wp-json\/wp\/v2\/pages\/151","targetHints":{"allow":["GET"]}}],"collection":[{"href":"http:\/\/www.rdcars.fr\/index.php\/wp-json\/wp\/v2\/pages"}],"about":[{"href":"http:\/\/www.rdcars.fr\/index.php\/wp-json\/wp\/v2\/types\/page"}],"author":[{"embeddable":true,"href":"http:\/\/www.rdcars.fr\/index.php\/wp-json\/wp\/v2\/users\/1"}],"replies":[{"embeddable":true,"href":"http:\/\/www.rdcars.fr\/index.php\/wp-json\/wp\/v2\/comments?post=151"}],"version-history":[{"count":10,"href":"http:\/\/www.rdcars.fr\/index.php\/wp-json\/wp\/v2\/pages\/151\/revisions"}],"predecessor-version":[{"id":555,"href":"http:\/\/www.rdcars.fr\/index.php\/wp-json\/wp\/v2\/pages\/151\/revisions\/555"}],"wp:attachment":[{"href":"http:\/\/www.rdcars.fr\/index.php\/wp-json\/wp\/v2\/media?parent=151"}],"curies":[{"name":"wp","href":"https:\/\/api.w.org\/{rel}","templated":true}]}}