{"id":2,"date":"2019-10-04T17:09:22","date_gmt":"2019-10-04T15:09:22","guid":{"rendered":"http:\/\/rdcars.fr\/?page_id=2"},"modified":"2019-11-25T11:11:20","modified_gmt":"2019-11-25T10:11:20","slug":"avsi-clients","status":"publish","type":"page","link":"http:\/\/www.rdcars.fr\/index.php\/avsi-clients\/","title":{"rendered":"Avis Clients"},"content":{"rendered":"\n<figure class=\"wp-block-image size-large\"><a href=\"https:\/\/www.google.fr\/maps\/place\/RD'Cars\/@48.7785449,2.2343961,15z\/data=!4m5!3m4!1s0x0:0x6a71e3396de192c9!8m2!3d48.7785449!4d2.2343961\"><img loading=\"lazy\" decoding=\"async\" width=\"276\" height=\"110\" src=\"http:\/\/rdcars.fr\/wp-content\/uploads\/2019\/11\/google_blackout.gif\" alt=\"\" class=\"wp-image-347\"\/><\/a><figcaption>Avis Clients Google <strong>\u2605\u2605\u2605\u2605\u2605<\/strong><\/figcaption><\/figure>\n\n\n\n<blockquote class=\"wp-block-quote is-layout-flow wp-block-quote-is-layout-flow\"><p>Garage tr\u00e8s s\u00e9rieux et sympathique il vous accompagne service m\u00eame apr\u00e8s la garantie fini. Je vous recommande ce garage.<\/p><p><\/p><cite><a href=\"https:\/\/www.google.com\/maps\/contrib\/108177589091146910325?hl=fr-FR&amp;sa=X&amp;ved=2ahUKEwjKoJHzh__lAhVoxYUKHTmjDnQQvvQBegQIARAT\">franck villand<\/a><\/cite><\/blockquote>\n\n\n\n<blockquote class=\"wp-block-quote is-layout-flow wp-block-quote-is-layout-flow\"><p>un garagiste traditionnel qui prend soin de ses clients avec quelques tr\u00e8s belles autos \u00e0 la vente<\/p><cite><a href=\"https:\/\/www.google.com\/maps\/contrib\/107488408301202868142?hl=fr-FR&amp;sa=X&amp;ved=2ahUKEwjKoJHzh__lAhVoxYUKHTmjDnQQvvQBegQIARAa\">Arnaud Meslet<\/a><\/cite><\/blockquote>\n\n\n\n<blockquote class=\"wp-block-quote is-layout-flow wp-block-quote-is-layout-flow\"><p>Accueil agr\u00e9able.<\/p><p>J&rsquo;y ai fait r\u00e9parer une carrosserie ab\u00eem\u00e9e. D&rsquo;autres garages m&rsquo;avaient dit que c&rsquo;\u00e9tait impossible \u00e0 redresser et qu&rsquo;il fallait changer le bouclier (avec co\u00fbt que cela implique&#8230;) <\/p><p>Ils ont pu me la redresser alors que cela semblait impossible!<\/p><p>Le tout joliement, en 48h, avec v\u00e9hicule de pr\u00eat.<\/p><p>Je recommande chaudement.<\/p><cite><a href=\"https:\/\/www.google.com\/maps\/contrib\/116259116885014681295?hl=fr-FR&amp;sa=X&amp;ved=2ahUKEwjKoJHzh__lAhVoxYUKHTmjDnQQvvQBegQIARAh\">Nadia CHEHAT<\/a><\/cite><\/blockquote>\n\n\n\n<blockquote class=\"wp-block-quote is-layout-flow wp-block-quote-is-layout-flow\"><p>J&rsquo;y suis all\u00e9 pour vendre ma voiture. \u00c7a s&rsquo;est bien pass\u00e9. Tr\u00e8s rapidement. S\u00e9rieux et agreable.<\/p><cite><a href=\"https:\/\/www.google.com\/maps\/contrib\/115318089981284909480?hl=fr-FR&amp;sa=X&amp;ved=2ahUKEwjKoJHzh__lAhVoxYUKHTmjDnQQvvQBegQIARAp\">JF C<\/a><\/cite><\/blockquote>\n\n\n\n<blockquote class=\"wp-block-quote is-layout-flow wp-block-quote-is-layout-flow\"><p>Commer\u00e7ants s\u00e9rieux et de paroles. Pas de vente forc\u00e9e.<\/p><cite><a href=\"https:\/\/www.google.com\/maps\/contrib\/101754127573992379375?hl=fr-FR&amp;sa=X&amp;ved=2ahUKEwjKoJHzh__lAhVoxYUKHTmjDnQQvvQBegQIARAw\">dominique Jx<\/a><\/cite><\/blockquote>\n\n\n\n<blockquote class=\"wp-block-quote is-layout-flow wp-block-quote-is-layout-flow\"><p>Le.lieux est difficilement rep\u00e9rable. Diff\u00e9rent de la concession qui est 1 peu plus loin. Situ\u00e9 du bon c\u00f4t\u00e9 de la route en direction de Clamart. <\/p><p>Entr\u00e9e (num\u00e9ro 527 de la rue) en retrait juste apr\u00e8s un bar restaurant avec 1 auvent bleu ( Le Paris Auvegne, qui soit dit en passant, peu permettre d&rsquo;attendre pour une r\u00e9paration rapide et sont tr\u00e8s sympathiques).<\/p><p>Bon accueil, simple. Ils font tout pour rendre service. service rapide et efficace. De bons conseils. Prix int\u00e9ressants. Prise de rdv et obtention des pi\u00e8ces command\u00e9es rapidement. Possibilit\u00e9 de paiement en 2 fois.<\/p><p>Je recommande.<\/p><cite><a href=\"https:\/\/www.google.com\/maps\/contrib\/104620812114533712026?hl=fr-FR&amp;sa=X&amp;ved=2ahUKEwjKoJHzh__lAhVoxYUKHTmjDnQQvvQBegQIARA3\">gaelle bellec<\/a><\/cite><\/blockquote>\n\n\n\n<blockquote class=\"wp-block-quote is-layout-flow wp-block-quote-is-layout-flow\"><p>C&rsquo;est un bon garage rien \u00e0 dire ravis etre la ba pour ma voiture il explique bien pour la voiture . Il r\u00e9pare bien . La voiture qui ma vendu nikel rien \u00e0 dis . Je suis bien contente de ce garage surtout avec le patron robert qui explique bien .. bravo .<\/p><cite><br><a href=\"https:\/\/www.google.com\/maps\/contrib\/115467923883373211470?hl=fr-FR&amp;sa=X&amp;ved=2ahUKEwjKoJHzh__lAhVoxYUKHTmjDnQQvvQBegQIARA_\">Audrey Coelho<\/a><\/cite><\/blockquote>\n\n\n\n<blockquote class=\"wp-block-quote is-layout-flow wp-block-quote-is-layout-flow\"><p>Petite \u00e9quipe qui se donne \u00e0 100% pour satisfaire le client<\/p><cite><a href=\"https:\/\/www.google.com\/maps\/contrib\/101118599365311763973?hl=fr-FR&amp;sa=X&amp;ved=2ahUKEwjKoJHzh__lAhVoxYUKHTmjDnQQvvQBegQIARBG\">Yves Le Ferrand<\/a><\/cite><\/blockquote>\n\n\n\n<blockquote class=\"wp-block-quote is-layout-flow wp-block-quote-is-layout-flow\"><p>Un vrai professionnel comme on en rencontre peu..<\/p><p>Merci \u00e0 Mr Robert der termoyan pour son \u00e9coute. J ai achet\u00e9 un v\u00e9hicule d occasion chez lui. Ce v\u00e9hicule a eu malheureusement un probl\u00e8me et Mr der termoyan a assur\u00e9 pleinement les r\u00e9parations au titre de la garantie. <\/p><p>Une vraie personne de confiance. .<\/p><p>N&rsquo;h\u00e9sitez pas \u00e0 vous entretenir ou achet\u00e9 votre v\u00e9hicule chez Rd cars..<\/p><cite><a href=\"https:\/\/www.google.com\/maps\/contrib\/114239636333878742430?hl=fr-FR&amp;sa=X&amp;ved=2ahUKEwjKoJHzh__lAhVoxYUKHTmjDnQQvvQBegQIARBN\">Bertrand Nicolas<\/a><\/cite><\/blockquote>\n\n\n\n<blockquote class=\"wp-block-quote is-layout-flow wp-block-quote-is-layout-flow\"><p>Professionnel et honn\u00eate&#8230;tout simplement<\/p><cite><a href=\"https:\/\/www.google.com\/maps\/contrib\/106864699483037920721?hl=fr-FR&amp;sa=X&amp;ved=2ahUKEwjKoJHzh__lAhVoxYUKHTmjDnQQvvQBegQIARBV\">Simon Rousseliere<\/a><\/cite><\/blockquote>\n\n\n\n<blockquote class=\"wp-block-quote is-layout-flow wp-block-quote-is-layout-flow\"><p>\u00c9quipe sympathique et comp\u00e9tente<\/p><cite><a href=\"https:\/\/www.google.com\/maps\/contrib\/106228924759135431322?hl=fr-FR&amp;sa=X&amp;ved=2ahUKEwjw04Gmiv_lAhXoyYUKHffIBIoQvvQBegQIARAD\">olivier pejoine<\/a><\/cite><\/blockquote>\n\n\n\n<blockquote class=\"wp-block-quote is-layout-flow wp-block-quote-is-layout-flow\"><p>Au top<\/p><cite><br><a href=\"https:\/\/www.google.com\/maps\/contrib\/109945414292700802555?hl=fr-FR&amp;sa=X&amp;ved=2ahUKEwih857viv_lAhVPXBoKHWRiBWsQvvQBegQIARAK\">Eric Nourry<\/a><\/cite><\/blockquote>\n","protected":false},"excerpt":{"rendered":"<p>Garage tr\u00e8s s\u00e9rieux et sympathique il vous accompagne service m\u00eame apr\u00e8s la garantie fini. Je vous recommande ce garage. franck villand un garagiste traditionnel qui prend soin de ses clients avec quelques tr\u00e8s belles autos \u00e0 la vente Arnaud Meslet Accueil agr\u00e9able. J&rsquo;y ai fait r\u00e9parer une carrosserie ab\u00eem\u00e9e. D&rsquo;autres garages m&rsquo;avaient dit que c&rsquo;\u00e9tait&hellip; <br \/> <a class=\"read-more\" href=\"http:\/\/www.rdcars.fr\/index.php\/avsi-clients\/\">Lire la suite<\/a><\/p>\n","protected":false},"author":1,"featured_media":0,"parent":0,"menu_order":0,"comment_status":"closed","ping_status":"closed","template":"","meta":{"footnotes":""},"class_list":["post-2","page","type-page","status-publish","hentry"],"_links":{"self":[{"href":"http:\/\/www.rdcars.fr\/index.php\/wp-json\/wp\/v2\/pages\/2","targetHints":{"allow":["GET"]}}],"collection":[{"href":"http:\/\/www.rdcars.fr\/index.php\/wp-json\/wp\/v2\/pages"}],"about":[{"href":"http:\/\/www.rdcars.fr\/index.php\/wp-json\/wp\/v2\/types\/page"}],"author":[{"embeddable":true,"href":"http:\/\/www.rdcars.fr\/index.php\/wp-json\/wp\/v2\/users\/1"}],"replies":[{"embeddable":true,"href":"http:\/\/www.rdcars.fr\/index.php\/wp-json\/wp\/v2\/comments?post=2"}],"version-history":[{"count":12,"href":"http:\/\/www.rdcars.fr\/index.php\/wp-json\/wp\/v2\/pages\/2\/revisions"}],"predecessor-version":[{"id":416,"href":"http:\/\/www.rdcars.fr\/index.php\/wp-json\/wp\/v2\/pages\/2\/revisions\/416"}],"wp:attachment":[{"href":"http:\/\/www.rdcars.fr\/index.php\/wp-json\/wp\/v2\/media?parent=2"}],"curies":[{"name":"wp","href":"https:\/\/api.w.org\/{rel}","templated":true}]}}