{"id":591,"date":"2022-09-06T18:23:10","date_gmt":"2022-09-06T16:23:10","guid":{"rendered":"http:\/\/www.rdcars.fr\/?page_id=591"},"modified":"2022-09-06T18:50:30","modified_gmt":"2022-09-06T16:50:30","slug":"mentions-legales-rgpd","status":"publish","type":"page","link":"http:\/\/www.rdcars.fr\/index.php\/mentions-legales-rgpd\/","title":{"rendered":"Mentions l\u00e9gales \/ RGPD"},"content":{"rendered":"\n<p class=\"has-text-color has-very-light-gray-color\">Nous vous remercions de votre int\u00e9r\u00eat pour notre entreprise et son site internet. Nous attachons beaucoup d\u2019importance \u00e0 la protection de vos donn\u00e9es personnelles et &nbsp;nous prenons la protection de votre vie priv\u00e9e au s\u00e9rieux.<\/p>\n\n\n\n<p class=\"has-text-color has-very-light-gray-color\"><strong>Les donn\u00e9es personnelles collect\u00e9es sur le site ne seront en aucun cas distribu\u00e9es \u00e0 des tiers, ni vendues, ni lou\u00e9es, ni pr\u00eat\u00e9es.<\/strong><\/p>\n\n\n\n<p>&#8230;&#8230;&#8230;&#8230;&#8230;&#8230;&#8230;&#8230;&#8230;&#8230;&#8230;&#8230;&#8230;&#8230;&#8230;<\/p>\n\n\n\n<h1 class=\"has-very-light-gray-color has-text-color wp-block-heading\">EDITEUR<\/h1>\n\n\n\n<p><strong>RD&rsquo;CARS<\/strong><br>SARL Unipersonnelle au capital de 7 000 \u20ac<br>RCS Nanterre B 484\u00a0299\u00a0391<br>E-Mail :\u00a0<a href=\"mailto:rdcars@hotmail.fr\">rdcars@hotmail.fr<\/a>\u00a0<br>Directeur de publication : \u00a0M Robert DER TOMOYAN<\/p>\n\n\n\n<p>Adresse : 527 AVENUE DU GENERAL DE GAULLE &#8211; 92140 CLAMART<br>N\u00b0 T\u00e9l\u00e9phone : 01 46 30 50 09<br>N\u00b0 TVA : FR78484299391<br><\/p>\n\n\n\n<h1 class=\"has-very-light-gray-color has-text-color wp-block-heading\">H\u00c9BERGEMENT<\/h1>\n\n\n\n<p>OVH<br>SAS au capital de 10 000 000 \u20ac<br>RCS Roubaix \u2013 Tourcoing 42476141900011<br>Code APE 6202A<br>N\u00b0TVA : FR 22 424 761 419<br>Si\u00e8ge social : 2 rue Kellerman \u2013 59100 Roubaix \u2013 France<br>Web :&nbsp;www.ovh.com<br>N\u00b0 T\u00e9l\u00e9phone : 0820 698 765<\/p>\n\n\n\n<h1 class=\"has-very-light-gray-color has-text-color wp-block-heading\">Design Graphique<\/h1>\n\n\n\n<p>Constantin Conseil S.A.S. : <a href=\"mailto:contact@constantin-conseil.fr\">contact@constantin-conseil.fr<\/a><\/p>\n\n\n\n<h1 class=\"has-very-light-gray-color has-text-color wp-block-heading\">Propri\u00e9t\u00e9 intellectuelle et&nbsp;responsabilit\u00e9s<\/h1>\n\n\n\n<p>Toute repr\u00e9sentation totale ou partielle du contenu de ce site : structure, design, texte, image, animation, logo\u2026 est soumise \u00e0 l\u2019autorisation pr\u00e9alable, \u00e9crite et expresse de RD Cars<\/p>\n\n\n\n<p>Ce site ne saurait \u00eatre tenu pour responsable des erreurs rencontr\u00e9es sur le site, probl\u00e8mes techniques, interpr\u00e9tation des informations publi\u00e9es et cons\u00e9quences de leur utilisation. En cons\u00e9quence, l\u2019utilisateur reconnait utiliser ces informations sous sa responsabilit\u00e9 exclusive.<\/p>\n\n\n\n<h1 class=\"has-very-light-gray-color has-text-color wp-block-heading\">Informatique et libert\u00e9s<\/h1>\n\n\n\n<p>Les informations recueillies par le biais des formulaires de contact font l\u2019objet d\u2019un traitement informatique destin\u00e9 \u00e0 permettre aux visiteurs d\u2019entrer en contact commercial exclusivement avec la soci\u00e9t\u00e9 RD&rsquo;Cars.<\/p>\n\n\n\n<p>Conform\u00e9ment \u00e0 la loi \u00ab informatique et libert\u00e9s \u00bb du 6 janvier 1978 modifi\u00e9e, vous b\u00e9n\u00e9ficiez d\u2019un droit d\u2019acc\u00e8s, de rectification&nbsp;et&nbsp;de suppression des informations qui vous concernent, que vous pouvez exercer en vous adressant \u00e0 RD&rsquo;Cars<\/p>\n\n\n\n<h2 class=\"has-very-light-gray-color has-text-color wp-block-heading\">M\u00e9diateur<\/h2>\n\n\n\n<p>Pour tous litiges, vous pouvez faire appel \u00e0 notre m\u00e9diateur :<\/p>\n\n\n\n<p>Minist\u00e8re de l&rsquo;\u00c9conomie\u00a0<br>Le M\u00e9diateur des entreprises\u00a0<br>98 -102 rue de Richelieu\u00a0<br>Paris 75002\u00a0<\/p>\n\n\n\n<p>Site internet :<a href=\"https:\/\/www.mieist.finances.gouv.fr\"> https:\/\/www.mieist.finances.gouv.fr<\/a><\/p>\n\n\n\n<p>e-mail : <a href=\"mailto:mediateur.des-entreprises@finances.gouv.fr\">mediateur.des-entreprises@finances.gouv.fr<\/a><\/p>\n","protected":false},"excerpt":{"rendered":"<p>Nous vous remercions de votre int\u00e9r\u00eat pour notre entreprise et son site internet. Nous attachons beaucoup d\u2019importance \u00e0 la protection de vos donn\u00e9es personnelles et &nbsp;nous prenons la protection de votre vie priv\u00e9e au s\u00e9rieux. Les donn\u00e9es personnelles collect\u00e9es sur le site ne seront en aucun cas distribu\u00e9es \u00e0 des tiers, ni vendues, ni lou\u00e9es,&hellip; <br \/> <a class=\"read-more\" href=\"http:\/\/www.rdcars.fr\/index.php\/mentions-legales-rgpd\/\">Lire la suite<\/a><\/p>\n","protected":false},"author":1,"featured_media":0,"parent":0,"menu_order":0,"comment_status":"closed","ping_status":"closed","template":"","meta":{"footnotes":""},"class_list":["post-591","page","type-page","status-publish","hentry"],"_links":{"self":[{"href":"http:\/\/www.rdcars.fr\/index.php\/wp-json\/wp\/v2\/pages\/591","targetHints":{"allow":["GET"]}}],"collection":[{"href":"http:\/\/www.rdcars.fr\/index.php\/wp-json\/wp\/v2\/pages"}],"about":[{"href":"http:\/\/www.rdcars.fr\/index.php\/wp-json\/wp\/v2\/types\/page"}],"author":[{"embeddable":true,"href":"http:\/\/www.rdcars.fr\/index.php\/wp-json\/wp\/v2\/users\/1"}],"replies":[{"embeddable":true,"href":"http:\/\/www.rdcars.fr\/index.php\/wp-json\/wp\/v2\/comments?post=591"}],"version-history":[{"count":9,"href":"http:\/\/www.rdcars.fr\/index.php\/wp-json\/wp\/v2\/pages\/591\/revisions"}],"predecessor-version":[{"id":606,"href":"http:\/\/www.rdcars.fr\/index.php\/wp-json\/wp\/v2\/pages\/591\/revisions\/606"}],"wp:attachment":[{"href":"http:\/\/www.rdcars.fr\/index.php\/wp-json\/wp\/v2\/media?parent=591"}],"curies":[{"name":"wp","href":"https:\/\/api.w.org\/{rel}","templated":true}]}}